{"id":142000,"date":"2025-05-14T23:51:27","date_gmt":"2025-05-14T23:51:27","guid":{"rendered":"https:\/\/fittproteam.com\/?page_id=142000"},"modified":"2025-08-02T16:33:34","modified_gmt":"2025-08-02T15:33:34","slug":"bye-bye-weight-menu-for-the-current-week","status":"publish","type":"page","link":"https:\/\/fittproteam.com\/en\/meni\/bye-bye-weight-meni-za-tekucu-nedelju\/","title":{"rendered":"Bye Bye Weight menu for the current week"},"content":{"rendered":"<div data-elementor-type=\"wp-page\" data-elementor-id=\"142000\" class=\"elementor elementor-142000\" data-elementor-post-type=\"page\">\n\t\t\t\t<div data-dce-background-color=\"#F9F7F5\" data-dce-background-overlay-image-url=\"https:\/\/fittproteam.com\/wp-content\/uploads\/2025\/05\/pozadina-export-01-1.png\" class=\"elementor-element elementor-element-8e02385 e-flex e-con-boxed e-con e-parent\" data-id=\"8e02385\" data-element_type=\"container\" data-e-type=\"container\" data-settings=\"{&quot;background_background&quot;:&quot;classic&quot;,&quot;jet_parallax_layout_list&quot;:[]}\">\n\t\t\t\t\t<div class=\"e-con-inner\">\n\t\t<div class=\"elementor-element elementor-element-1f0f5b7 e-con-full e-flex e-con e-child\" data-id=\"1f0f5b7\" data-element_type=\"container\" data-e-type=\"container\" data-settings=\"{&quot;jet_parallax_layout_list&quot;:[]}\">\n\t\t\t\t<div data-dce-title-color=\"#ffffff\" class=\"elementor-element elementor-element-9fa7f01 elementor-widget elementor-widget-the7-heading\" data-id=\"9fa7f01\" data-element_type=\"widget\" data-e-type=\"widget\" data-widget_type=\"the7-heading.default\">\n\t\t\t\t<div class=\"elementor-widget-container\">\n\t\t\t\t\t<h1 class=\"the7-heading-title elementor-size-default\">Bye Bye Weight menu for the current week<\/h1>\t\t\t\t<\/div>\n\t\t\t\t<\/div>\n\t\t\t\t<\/div>\n\t\t\t\t\t<\/div>\n\t\t\t\t<\/div>\n\t\t<div data-dce-background-color=\"#FFFFFF\" class=\"elementor-element elementor-element-4e6f527 e-flex e-con-boxed e-con e-parent\" data-id=\"4e6f527\" data-element_type=\"container\" data-e-type=\"container\" data-settings=\"{&quot;background_background&quot;:&quot;classic&quot;,&quot;jet_parallax_layout_list&quot;:[]}\">\n\t\t\t\t\t<div class=\"e-con-inner\">\n\t\t<div class=\"elementor-element elementor-element-47d6635 e-flex e-con-boxed e-con e-child\" data-id=\"47d6635\" data-element_type=\"container\" data-e-type=\"container\" data-settings=\"{&quot;jet_parallax_layout_list&quot;:[]}\">\n\t\t\t\t\t<div class=\"e-con-inner\">\n\t\t\t\t<div class=\"elementor-element elementor-element-6b257ec elementor-widget elementor-widget-text-editor\" data-id=\"6b257ec\" data-element_type=\"widget\" data-e-type=\"widget\" data-widget_type=\"text-editor.default\">\n\t\t\t\t<div class=\"elementor-widget-container\">\n\t\t\t\t\t\t\t\t\t<p>Dear users, during the duration of our nutrition program, it is possible that you will feel a little hungry. This is completely normal and is part of the process that guarantees the effectiveness of the program. Feeling hungry is a sign that your body is using fat reserves as an energy source.<\/p><p>Also, we would like to emphasize the importance of following the rules about eating after 8 pm. After this point, we recommend that you do not ingest any food, only water. This will help your body regenerate and maximize the benefits of our nutrition program.<\/p><p>Thank you for your trust!<\/p>\t\t\t\t\t\t\t\t<\/div>\n\t\t\t\t<\/div>\n\t\t\t\t<div class=\"elementor-element elementor-element-31086e3 elementor-widget elementor-widget-spacer\" data-id=\"31086e3\" data-element_type=\"widget\" data-e-type=\"widget\" data-widget_type=\"spacer.default\">\n\t\t\t\t<div class=\"elementor-widget-container\">\n\t\t\t\t\t\t\t<div class=\"elementor-spacer\">\n\t\t\t<div class=\"elementor-spacer-inner\"><\/div>\n\t\t<\/div>\n\t\t\t\t\t\t<\/div>\n\t\t\t\t<\/div>\n\t\t\t\t<div class=\"elementor-element elementor-element-e467a11 elementor-widget elementor-widget-shortcode\" data-id=\"e467a11\" data-element_type=\"widget\" data-e-type=\"widget\" data-widget_type=\"shortcode.default\">\n\t\t\t\t<div class=\"elementor-widget-container\">\n\t\t\t\t\t\t\t<div class=\"elementor-shortcode\"><div id=\"footable_parent_113034\"\n         class=\"footable_parent ninja_table_wrapper loading_ninja_table wp_table_data_press_parent semantic_ui\">\n                <table data-ninja_table_instance=\"ninja_table_instance_0\" data-footable_id=\"113034\" data-filter-delay=\"1000\" aria-label=\"1st standard\"            id=\"footable_113034\"\n           data-unique_identifier=\"ninja_table_unique_id_473554962_113034\"\n           class=\"foo-table ninja_footable foo_table_113034 ninja_table_unique_id_473554962_113034 ui table  ninja_search_right nt_type_legacy_table selectable striped vertical_centered  footable-paging-right ninja_table_search_disabled ninja_table_pro\">\n                <colgroup>\n                            <col class=\"ninja_column_0\">\n                            <col class=\"ninja_column_1\">\n                            <col class=\"ninja_column_2\">\n                            <col class=\"ninja_column_3\">\n                            <col class=\"ninja_column_4\">\n                            <col class=\"ninja_column_5\">\n                    <\/colgroup>\n        <thead>\n<tr class=\"footable-header\">\n                                                                                                        <th scope=\"col\"  class=\"ninja_column_0 ninja_clmn_nm_dan\">Day<\/th><th scope=\"col\"  class=\"ninja_column_1 ninja_clmn_nm_doruak89h\">Breakfast (8-9am)<\/th><th scope=\"col\"  class=\"ninja_column_2 ninja_clmn_nm_uina12313h\">Snack (12.30-13h)<\/th><th scope=\"col\"  class=\"ninja_column_3 ninja_clmn_nm_ruak1415h\">Lunch (2-3pm)<\/th><th scope=\"col\"  class=\"ninja_column_4 ninja_clmn_nm_uina1718h\">Snack (5-6pm)<\/th><th scope=\"col\"  class=\"ninja_column_5 ninja_clmn_nm_veera2h\">Dinner (8pm)<\/th><\/tr>\n<\/thead>\n<tbody>\n\n        <tr data-row_id=\"0\" class=\"ninja_table_row_0 nt_row_id_0\">\n            <td>Monday<\/td><td>Granola sa gr\u010dkim jogurtom i vo\u0107em<\/td><td>XO IMUNO Booster (100% organic product)<\/td><td>Beef roll on quinoa with spinach and hazelnut cream + fresh vegetables + minestrone soup<\/td><td>Tickle cracker<\/td><td>Marinated chicken drumstick + Amaranth + Hot pepper + Vegetables + Dressing<\/td>        <\/tr>\n            <tr data-row_id=\"1\" class=\"ninja_table_row_1 nt_row_id_1\">\n            <td>Tuesday<\/td><td>Rolled vrap with fat-free cheese, turkey breast, chia seeds and green salad<\/td><td>Fruit salad<\/td><td>Turkey in a seed crust + Celery and apple potage<\/td><td>Chrono gingerbread<\/td><td>Salmon marinated in pepper juice, basil on orange and chickpea couscous salad + Dressing<\/td>        <\/tr>\n            <tr data-row_id=\"2\" class=\"ninja_table_row_2 nt_row_id_2\">\n            <td>Wednesday<\/td><td>Olive and rosemary bread + Spicy bean spread + Fresh vegetables<\/td><td>Buckwheat bars + fat-free cheese spread<\/td><td>Teletina dinstana u soku od ruma +  Kupus \/ \u0161argarepa \/ celer<\/td><td>Fitt Bonzita + Tea made from parsley leaves, birch leaves, fennel, flax seeds<\/td><td>Mexican salad with chopped beef + lime dressing<\/td>        <\/tr>\n            <tr data-row_id=\"3\" class=\"ninja_table_row_3 nt_row_id_3\">\n            <td>Thursday<\/td><td>American pancakes with chocolate and blueberry<\/td><td>Apple Idared<\/td><td>\u010cimi\u010duri orada  + Vitaminska salata+ Mikro bilje+Dresing<\/td><td>Goat cheese<\/td><td>Batak na pireu od batata sa hrskavim karfiolom<\/td>        <\/tr>\n            <tr data-row_id=\"4\" class=\"ninja_table_row_4 nt_row_id_4\">\n            <td>Friday<\/td><td>Scones with paprika and sour milk<\/td><td>Fit kuglice sa kikiriki puterom+ \u010caj od lista per\u0161una,lista breze,komora\u010da,lanenog semena<\/td><td>Chicken fillet in saffron, caper and rosemary sauce + Broccoli puree + Cream of chicken soup<\/td><td>Mixed nuts<\/td><td>Boiled eggs + Avocado spread + Lettuce + Flax bars<\/td>        <\/tr>\n            <tr data-row_id=\"5\" class=\"ninja_table_row_5 nt_row_id_5\">\n            <td>Saturday<\/td><td>Pancetta spinach and cheese muffin + Yogurt<\/td><td>\u010coko kola\u010d<\/td><td>Beef roll with paprika, mozzarella and baby spinach + Waldorf salad<\/td><td>Mix of vegetables (carrot, celery, red immune pepper, small pieces of ginger)<\/td><td>Chicken meatballs + Young cheese with sesame and hazelnut + Pesto spread + Dressing<\/td>        <\/tr>\n    <\/tbody><!--ninja_tobody_rendering_done-->\n    <\/table>\n    \n    \n    \n<\/div>\n<\/div>\n\t\t\t\t\t\t<\/div>\n\t\t\t\t<\/div>\n\t\t\t\t\t<\/div>\n\t\t\t\t<\/div>\n\t\t<div class=\"elementor-element elementor-element-5ad043a e-flex e-con-boxed e-con e-child\" data-id=\"5ad043a\" data-element_type=\"container\" data-e-type=\"container\" data-settings=\"{&quot;jet_parallax_layout_list&quot;:[]}\">\n\t\t\t\t\t<div class=\"e-con-inner\">\n\t\t\t\t<div class=\"elementor-element elementor-element-e19c060 elementor-widget elementor-widget-text-editor\" data-id=\"e19c060\" data-element_type=\"widget\" data-e-type=\"widget\" data-widget_type=\"text-editor.default\">\n\t\t\t\t<div class=\"elementor-widget-container\">\n\t\t\t\t\t\t\t\t\t<p><strong><u>*** THE DRESSING THAT COMES IN IS ENHANCED WITH GOLDEN PERU POPPY, AND MORINGA LEAF POWDER ***<\/u><\/strong><\/p><p>Bye Bye Weight is a specially created diet regime, intended for people who want to regulate their body mass in the best possible way, change their lifestyle without harming their health, but rather affect the improvement of their overall health.<\/p><ul><li><strong>FITT PRO TEAM PREPARES FOOD TODAY FOR TODAY.<\/strong><\/li><li><strong>FOOD IS PREPARED FROM 6 AM TO 9:30 AM, <u>DELIVERY IS FROM 10 AM - 1 PM.<\/u> <\/strong><\/li><li><strong>WHEN YOU RECEIVE A PACKAGE OF 5 MEALS, YOU START WITH A SNACK UNTIL <u>YOU LEAVE BREAKFAST FOR THE NEXT DAY.<\/u><\/strong><\/li><li><strong>IF YOUR SCHEDULE IS DIFFERENT FROM OUR SCHEDULE, YOU CAN START AT LUNCH AND LEAVE BREAKFAST AND SNACK FOR THE TOMORROW.<\/strong><strong>\u00a0<\/strong><\/li><\/ul><ul><li><strong>MOST OF THE VEGETABLES COME FROM OUR PLANTATIONS, AND THE FOOD WE PREPARE CHANGES FROM WEEK TO WEEK SO YOU DON&#039;T GET BORED.<\/strong><\/li><\/ul><ul><li><strong>They plant me.<\/strong><strong>shavina, which comes to you in the form of tea as part of the Bye Bye weight package, is a combination of plants that are suitable for expelling excess fluid from the body, as well as for strengthening the immune system.<\/strong><\/li><\/ul><ul><li><strong>The three-part box with cellophane can be used in the microwave oven. Remove the salad beforehand, before reheating the main course. <\/strong><\/li><li>Dressing that is served in small boxes, use as desired in a specific salad.<\/li><\/ul><p><strong>The program is primarily intended for people who want to change their lifestyle and regulate their body weight in the best possible way, without harming their health, but instead affect the improvement of their overall health condition. <\/strong><\/p><p>The food is low in calories, diverse and enriched with unsaturated fats, fibers, minerals and vitamins. On average, the daily program for women contains 1250-1300 kcal, while the program for men contains 1550-1600 kcal.<\/p><p>The nutrition program is based on the intake of more than 130 g of protein in one day. Therefore, it is not a matter of protein diets, but of a diet where proteins of animal and vegetable origin are at the forefront. The food you consume, in addition to proteins, also contains unsaturated fats, fibers, minerals and vitamins in large quantities.<\/p><ul><li><strong><u>Water, 1 coffee without sugar, tea without sweeteners are the only drinks allowed during the program.<\/u><\/strong><\/li><li><strong><u>In the event that your process of reducing body mass stagnates, after a certain time, you can throw out ear no. 2 from nutrition, in order to achieve better results.<\/u><\/strong><\/li><li><strong><u>You need to be calm during the program <\/u><\/strong><\/li><li><strong><u>,, hungry,, , so you don&#039;t have to eat all the portions, if the portion is too large for you.<\/u><\/strong><\/li><\/ul><p>Fitt Pro Team diet regimens combine\u00a0<strong>Mediterranean, macrobiotic, chrono and local cuisine<\/strong>\u00a0from foods whose composition we guarantee<strong>\u00a0quality and freshness<\/strong>, suitable even for people who, in addition to obesity, have problems with\u00a0<strong>insulin resistance, diabetes, hypertension<\/strong>\u00a0and similar cardiovascular diseases.\u00a0<\/p><p>Our kitchen uses different, modern methods of thermal processing of food. Including baking, braising, cooking. Our menu is composed in such a way that it provides everything that is necessary for your body.<\/p>\t\t\t\t\t\t\t\t<\/div>\n\t\t\t\t<\/div>\n\t\t\t\t\t<\/div>\n\t\t\t\t<\/div>\n\t\t\t\t\t<\/div>\n\t\t\t\t<\/div>\n\t\t\t\t<\/div>","protected":false},"excerpt":{"rendered":"<p>Dragi korisnici, tokom trajanja na\u0161eg programa ishrane, mogu\u0107e je da \u0107ete osetiti blagu glad. Ovo je sasvim normalno i deo je procesa koji garantuje efikasnost programa. Ose\u0107aj gladi je znak da va\u0161e telo koristi rezerve masti kao izvor energije. Tako\u0111e, \u017eelimo da naglasimo va\u017enost pridr\u017eavanja pravila o ishrani nakon 20h. Nakon ove ta\u010dke, preporu\u010dujemo da&hellip;<\/p>","protected":false},"author":1,"featured_media":0,"parent":112200,"menu_order":121,"comment_status":"closed","ping_status":"closed","template":"elementor_header_footer","meta":{"_acf_changed":false,"_monsterinsights_skip_tracking":false,"_monsterinsights_sitenote_active":false,"_monsterinsights_sitenote_note":"","_monsterinsights_sitenote_category":0,"footnotes":""},"class_list":["post-142000","page","type-page","status-publish","hentry"],"acf":[],"_links":{"self":[{"href":"https:\/\/fittproteam.com\/en\/wp-json\/wp\/v2\/pages\/142000","targetHints":{"allow":["GET"]}}],"collection":[{"href":"https:\/\/fittproteam.com\/en\/wp-json\/wp\/v2\/pages"}],"about":[{"href":"https:\/\/fittproteam.com\/en\/wp-json\/wp\/v2\/types\/page"}],"author":[{"embeddable":true,"href":"https:\/\/fittproteam.com\/en\/wp-json\/wp\/v2\/users\/1"}],"replies":[{"embeddable":true,"href":"https:\/\/fittproteam.com\/en\/wp-json\/wp\/v2\/comments?post=142000"}],"version-history":[{"count":0,"href":"https:\/\/fittproteam.com\/en\/wp-json\/wp\/v2\/pages\/142000\/revisions"}],"up":[{"embeddable":true,"href":"https:\/\/fittproteam.com\/en\/wp-json\/wp\/v2\/pages\/112200"}],"wp:attachment":[{"href":"https:\/\/fittproteam.com\/en\/wp-json\/wp\/v2\/media?parent=142000"}],"curies":[{"name":"wp","href":"https:\/\/api.w.org\/{rel}","templated":true}]}}